{"id":394,"date":"2020-09-21T17:24:36","date_gmt":"2020-09-21T14:24:36","guid":{"rendered":"https:\/\/www.diyezlight.com\/en\/?post_type=product&#038;p=394"},"modified":"2022-12-29T15:46:10","modified_gmt":"2022-12-29T12:46:10","slug":"meric-aplik","status":"publish","type":"product","link":"https:\/\/www.diyezlight.com\/en\/urun\/meric-aplik\/","title":{"rendered":"MER\u0130\u00c7 APL\u0130K"},"content":{"rendered":"","protected":false},"excerpt":{"rendered":"","protected":false},"featured_media":395,"comment_status":"closed","ping_status":"closed","template":"","meta":[],"product_brand":[],"product_cat":[70],"product_tag":[80,87,81,78,88,82,83,84,86,85],"class_list":{"0":"post-394","1":"product","2":"type-product","3":"status-publish","4":"has-post-thumbnail","6":"product_cat-sconce-lighting","7":"product_tag-aydinlatma-sistemleri","8":"product_tag-diyez-light","9":"product_tag-eletronik-aydinlatma","10":"product_tag-furniture-lighting","11":"product_tag-gomme-led","12":"product_tag-led","13":"product_tag-led-aydinlatma","14":"product_tag-led-profil","15":"product_tag-lighting","16":"product_tag-mimari-aydinlatma","18":"first","19":"instock","20":"shipping-taxable","21":"product-type-simple"},"yoast_head":"<!-- This site is optimized with the Yoast SEO plugin v26.4 - https:\/\/yoast.com\/wordpress\/plugins\/seo\/ -->\n<title>MER\u0130\u00c7 APL\u0130K - Diyezlight<\/title>\n<meta name=\"robots\" content=\"index, follow, max-snippet:-1, max-image-preview:large, max-video-preview:-1\" \/>\n<link rel=\"canonical\" href=\"https:\/\/www.diyezlight.com\/en\/urun\/meric-aplik\/\" \/>\n<meta property=\"og:locale\" content=\"tr_TR\" \/>\n<meta property=\"og:type\" content=\"article\" \/>\n<meta property=\"og:title\" content=\"MER\u0130\u00c7 APL\u0130K - Diyezlight\" \/>\n<meta property=\"og:url\" content=\"https:\/\/www.diyezlight.com\/en\/urun\/meric-aplik\/\" \/>\n<meta property=\"og:site_name\" content=\"Diyezlight\" \/>\n<meta property=\"article:publisher\" content=\"https:\/\/www.facebook.com\/diyezlight\" \/>\n<meta property=\"article:modified_time\" content=\"2022-12-29T12:46:10+00:00\" \/>\n<meta property=\"og:image\" content=\"https:\/\/www.diyezlight.com\/en\/wp-content\/uploads\/2020\/09\/1_MERIC-APLIK.jpg\" \/>\n\t<meta property=\"og:image:width\" content=\"2480\" \/>\n\t<meta property=\"og:image:height\" content=\"2480\" \/>\n\t<meta property=\"og:image:type\" content=\"image\/jpeg\" \/>\n<meta name=\"twitter:card\" content=\"summary_large_image\" \/>\n<script type=\"application\/ld+json\" class=\"yoast-schema-graph\">{\"@context\":\"https:\/\/schema.org\",\"@graph\":[{\"@type\":\"WebPage\",\"@id\":\"https:\/\/www.diyezlight.com\/en\/urun\/meric-aplik\/\",\"url\":\"https:\/\/www.diyezlight.com\/en\/urun\/meric-aplik\/\",\"name\":\"MER\u0130\u00c7 APL\u0130K - Diyezlight\",\"isPartOf\":{\"@id\":\"https:\/\/www.diyezlight.com\/en\/#website\"},\"primaryImageOfPage\":{\"@id\":\"https:\/\/www.diyezlight.com\/en\/urun\/meric-aplik\/#primaryimage\"},\"image\":{\"@id\":\"https:\/\/www.diyezlight.com\/en\/urun\/meric-aplik\/#primaryimage\"},\"thumbnailUrl\":\"https:\/\/www.diyezlight.com\/en\/wp-content\/uploads\/2020\/09\/1_MERIC-APLIK.jpg\",\"datePublished\":\"2020-09-21T14:24:36+00:00\",\"dateModified\":\"2022-12-29T12:46:10+00:00\",\"breadcrumb\":{\"@id\":\"https:\/\/www.diyezlight.com\/en\/urun\/meric-aplik\/#breadcrumb\"},\"inLanguage\":\"tr\",\"potentialAction\":[{\"@type\":\"ReadAction\",\"target\":[\"https:\/\/www.diyezlight.com\/en\/urun\/meric-aplik\/\"]}]},{\"@type\":\"ImageObject\",\"inLanguage\":\"tr\",\"@id\":\"https:\/\/www.diyezlight.com\/en\/urun\/meric-aplik\/#primaryimage\",\"url\":\"https:\/\/www.diyezlight.com\/en\/wp-content\/uploads\/2020\/09\/1_MERIC-APLIK.jpg\",\"contentUrl\":\"https:\/\/www.diyezlight.com\/en\/wp-content\/uploads\/2020\/09\/1_MERIC-APLIK.jpg\",\"width\":2480,\"height\":2480},{\"@type\":\"BreadcrumbList\",\"@id\":\"https:\/\/www.diyezlight.com\/en\/urun\/meric-aplik\/#breadcrumb\",\"itemListElement\":[{\"@type\":\"ListItem\",\"position\":1,\"name\":\"\u00dcr\u00fcnler\",\"item\":\"https:\/\/www.diyezlight.com\/en\/shop\/\"},{\"@type\":\"ListItem\",\"position\":2,\"name\":\"MER\u0130\u00c7 APL\u0130K\"}]},{\"@type\":\"WebSite\",\"@id\":\"https:\/\/www.diyezlight.com\/en\/#website\",\"url\":\"https:\/\/www.diyezlight.com\/en\/\",\"name\":\"Diyezlight\",\"description\":\"Electronic and Lighting Systems\",\"potentialAction\":[{\"@type\":\"SearchAction\",\"target\":{\"@type\":\"EntryPoint\",\"urlTemplate\":\"https:\/\/www.diyezlight.com\/en\/?s={search_term_string}\"},\"query-input\":{\"@type\":\"PropertyValueSpecification\",\"valueRequired\":true,\"valueName\":\"search_term_string\"}}],\"inLanguage\":\"tr\"}]}<\/script>\n<!-- \/ Yoast SEO plugin. -->","yoast_head_json":{"title":"MER\u0130\u00c7 APL\u0130K - Diyezlight","robots":{"index":"index","follow":"follow","max-snippet":"max-snippet:-1","max-image-preview":"max-image-preview:large","max-video-preview":"max-video-preview:-1"},"canonical":"https:\/\/www.diyezlight.com\/en\/urun\/meric-aplik\/","og_locale":"tr_TR","og_type":"article","og_title":"MER\u0130\u00c7 APL\u0130K - Diyezlight","og_url":"https:\/\/www.diyezlight.com\/en\/urun\/meric-aplik\/","og_site_name":"Diyezlight","article_publisher":"https:\/\/www.facebook.com\/diyezlight","article_modified_time":"2022-12-29T12:46:10+00:00","og_image":[{"width":2480,"height":2480,"url":"https:\/\/www.diyezlight.com\/en\/wp-content\/uploads\/2020\/09\/1_MERIC-APLIK.jpg","type":"image\/jpeg"}],"twitter_card":"summary_large_image","schema":{"@context":"https:\/\/schema.org","@graph":[{"@type":"WebPage","@id":"https:\/\/www.diyezlight.com\/en\/urun\/meric-aplik\/","url":"https:\/\/www.diyezlight.com\/en\/urun\/meric-aplik\/","name":"MER\u0130\u00c7 APL\u0130K - Diyezlight","isPartOf":{"@id":"https:\/\/www.diyezlight.com\/en\/#website"},"primaryImageOfPage":{"@id":"https:\/\/www.diyezlight.com\/en\/urun\/meric-aplik\/#primaryimage"},"image":{"@id":"https:\/\/www.diyezlight.com\/en\/urun\/meric-aplik\/#primaryimage"},"thumbnailUrl":"https:\/\/www.diyezlight.com\/en\/wp-content\/uploads\/2020\/09\/1_MERIC-APLIK.jpg","datePublished":"2020-09-21T14:24:36+00:00","dateModified":"2022-12-29T12:46:10+00:00","breadcrumb":{"@id":"https:\/\/www.diyezlight.com\/en\/urun\/meric-aplik\/#breadcrumb"},"inLanguage":"tr","potentialAction":[{"@type":"ReadAction","target":["https:\/\/www.diyezlight.com\/en\/urun\/meric-aplik\/"]}]},{"@type":"ImageObject","inLanguage":"tr","@id":"https:\/\/www.diyezlight.com\/en\/urun\/meric-aplik\/#primaryimage","url":"https:\/\/www.diyezlight.com\/en\/wp-content\/uploads\/2020\/09\/1_MERIC-APLIK.jpg","contentUrl":"https:\/\/www.diyezlight.com\/en\/wp-content\/uploads\/2020\/09\/1_MERIC-APLIK.jpg","width":2480,"height":2480},{"@type":"BreadcrumbList","@id":"https:\/\/www.diyezlight.com\/en\/urun\/meric-aplik\/#breadcrumb","itemListElement":[{"@type":"ListItem","position":1,"name":"\u00dcr\u00fcnler","item":"https:\/\/www.diyezlight.com\/en\/shop\/"},{"@type":"ListItem","position":2,"name":"MER\u0130\u00c7 APL\u0130K"}]},{"@type":"WebSite","@id":"https:\/\/www.diyezlight.com\/en\/#website","url":"https:\/\/www.diyezlight.com\/en\/","name":"Diyezlight","description":"Electronic and Lighting Systems","potentialAction":[{"@type":"SearchAction","target":{"@type":"EntryPoint","urlTemplate":"https:\/\/www.diyezlight.com\/en\/?s={search_term_string}"},"query-input":{"@type":"PropertyValueSpecification","valueRequired":true,"valueName":"search_term_string"}}],"inLanguage":"tr"}]}},"_links":{"self":[{"href":"https:\/\/www.diyezlight.com\/en\/wp-json\/wp\/v2\/product\/394","targetHints":{"allow":["GET"]}}],"collection":[{"href":"https:\/\/www.diyezlight.com\/en\/wp-json\/wp\/v2\/product"}],"about":[{"href":"https:\/\/www.diyezlight.com\/en\/wp-json\/wp\/v2\/types\/product"}],"replies":[{"embeddable":true,"href":"https:\/\/www.diyezlight.com\/en\/wp-json\/wp\/v2\/comments?post=394"}],"wp:featuredmedia":[{"embeddable":true,"href":"https:\/\/www.diyezlight.com\/en\/wp-json\/wp\/v2\/media\/395"}],"wp:attachment":[{"href":"https:\/\/www.diyezlight.com\/en\/wp-json\/wp\/v2\/media?parent=394"}],"wp:term":[{"taxonomy":"product_brand","embeddable":true,"href":"https:\/\/www.diyezlight.com\/en\/wp-json\/wp\/v2\/product_brand?post=394"},{"taxonomy":"product_cat","embeddable":true,"href":"https:\/\/www.diyezlight.com\/en\/wp-json\/wp\/v2\/product_cat?post=394"},{"taxonomy":"product_tag","embeddable":true,"href":"https:\/\/www.diyezlight.com\/en\/wp-json\/wp\/v2\/product_tag?post=394"}],"curies":[{"name":"wp","href":"https:\/\/api.w.org\/{rel}","templated":true}]}}