{"id":558,"date":"2020-11-07T19:50:18","date_gmt":"2020-11-07T16:50:18","guid":{"rendered":"https:\/\/www.diyezlight.com\/en\/?post_type=product&#038;p=558"},"modified":"2022-12-29T15:46:09","modified_gmt":"2022-12-29T12:46:09","slug":"soprano-kare-acili-lineer-led-aydinlatma","status":"publish","type":"product","link":"https:\/\/www.diyezlight.com\/en\/urun\/soprano-kare-acili-lineer-led-aydinlatma\/","title":{"rendered":"SOPRANO KARE A\u00c7ILI L\u0130NEER LED AYDINLATMA"},"content":{"rendered":"<p>Ak\u0131m, G\u00fc\u00e7 ve I\u015f\u0131k Ak\u0131s\u0131 bilgileri 1 metre \u00fcr\u00fcne g\u00f6re hesaplanm\u0131\u015ft\u0131r.<br \/>\nG\u00f6vde rengi al\u00fcminyum eloksald\u0131r.<br \/>\nProjeye g\u00f6re \u00f6zel renk \u00fcretilmektedir.<br \/>\nDif\u00fcz\u00f6r polikarbondur.<br \/>\nProjeye g\u00f6re \u00f6zel \u00f6l\u00e7\u00fclerde \u00fcretilmektedir.<br \/>\nProjeye g\u00f6re \u00f6zel volt ve led se\u00e7enekleriyle \u00fcretilmektedir.<br \/>\nProjeye \u00f6zel kablolama yap\u0131lmaktad\u0131r.<br \/>\nAyd\u0131nlatma a\u00e7\u0131s\u0131 45 derecedir.<\/p>\n","protected":false},"excerpt":{"rendered":"<p>Ak\u0131m, G\u00fc\u00e7 ve I\u015f\u0131k Ak\u0131s\u0131 bilgileri 1 metre \u00fcr\u00fcne g\u00f6re hesaplanm\u0131\u015ft\u0131r. G\u00f6vde rengi al\u00fcminyum eloksald\u0131r. Projeye g\u00f6re \u00f6zel renk \u00fcretilmektedir. Dif\u00fcz\u00f6r polikarbondur. Projeye g\u00f6re \u00f6zel \u00f6l\u00e7\u00fclerde \u00fcretilmektedir. Projeye g\u00f6re \u00f6zel volt ve led se\u00e7enekleriyle \u00fcretilmektedir. Projeye \u00f6zel kablolama yap\u0131lmaktad\u0131r. Ayd\u0131nlatma a\u00e7\u0131s\u0131 45 derecedir.<\/p>\n","protected":false},"featured_media":1246,"comment_status":"closed","ping_status":"closed","template":"","meta":[],"product_brand":[],"product_cat":[15],"product_tag":[80,87,81,78,82,83,84,86,76,85,79],"class_list":{"0":"post-558","1":"product","2":"type-product","3":"status-publish","4":"has-post-thumbnail","6":"product_cat-linear-leds","7":"product_tag-aydinlatma-sistemleri","8":"product_tag-diyez-light","9":"product_tag-eletronik-aydinlatma","10":"product_tag-furniture-lighting","11":"product_tag-led","12":"product_tag-led-aydinlatma","13":"product_tag-led-profil","14":"product_tag-lighting","15":"product_tag-lineerled","16":"product_tag-mimari-aydinlatma","17":"product_tag-mobilya-aydinlatma","19":"first","20":"instock","21":"shipping-taxable","22":"product-type-simple"},"yoast_head":"<!-- This site is optimized with the Yoast SEO plugin v26.4 - https:\/\/yoast.com\/wordpress\/plugins\/seo\/ -->\n<title>SOPRANO KARE A\u00c7ILI L\u0130NEER LED AYDINLATMA - Diyezlight<\/title>\n<meta name=\"description\" content=\"Lineer led ayd\u0131nlatma sistemleri. Mobilya led ayd\u0131nlatma \u00fcr\u00fcnleri. Elektronik ayd\u0131nlatma sistemi. S\u0131va \u00fcst\u00fc led ayd\u0131nlatma.\" \/>\n<meta name=\"robots\" content=\"index, follow, max-snippet:-1, max-image-preview:large, max-video-preview:-1\" \/>\n<link rel=\"canonical\" href=\"https:\/\/www.diyezlight.com\/en\/urun\/soprano-kare-acili-lineer-led-aydinlatma\/\" \/>\n<meta property=\"og:locale\" content=\"tr_TR\" \/>\n<meta property=\"og:type\" content=\"article\" \/>\n<meta property=\"og:title\" content=\"SOPRANO KARE A\u00c7ILI L\u0130NEER LED AYDINLATMA - Diyezlight\" \/>\n<meta property=\"og:description\" content=\"Lineer led ayd\u0131nlatma sistemleri. Mobilya led ayd\u0131nlatma \u00fcr\u00fcnleri. Elektronik ayd\u0131nlatma sistemi. S\u0131va \u00fcst\u00fc led ayd\u0131nlatma.\" \/>\n<meta property=\"og:url\" content=\"https:\/\/www.diyezlight.com\/en\/urun\/soprano-kare-acili-lineer-led-aydinlatma\/\" \/>\n<meta property=\"og:site_name\" content=\"Diyezlight\" \/>\n<meta property=\"article:publisher\" content=\"https:\/\/www.facebook.com\/diyezlight\" \/>\n<meta property=\"article:modified_time\" content=\"2022-12-29T12:46:09+00:00\" \/>\n<meta property=\"og:image\" content=\"https:\/\/www.diyezlight.com\/en\/wp-content\/uploads\/2020\/11\/SOPRANO-KARE-ACILI-LINEER-LED-AYDINLATMA-1.jpg\" \/>\n\t<meta property=\"og:image:width\" content=\"2480\" \/>\n\t<meta property=\"og:image:height\" content=\"2480\" \/>\n\t<meta property=\"og:image:type\" content=\"image\/jpeg\" \/>\n<meta name=\"twitter:card\" content=\"summary_large_image\" \/>\n<script type=\"application\/ld+json\" class=\"yoast-schema-graph\">{\"@context\":\"https:\/\/schema.org\",\"@graph\":[{\"@type\":\"WebPage\",\"@id\":\"https:\/\/www.diyezlight.com\/en\/urun\/soprano-kare-acili-lineer-led-aydinlatma\/\",\"url\":\"https:\/\/www.diyezlight.com\/en\/urun\/soprano-kare-acili-lineer-led-aydinlatma\/\",\"name\":\"SOPRANO KARE A\u00c7ILI L\u0130NEER LED AYDINLATMA - Diyezlight\",\"isPartOf\":{\"@id\":\"https:\/\/www.diyezlight.com\/en\/#website\"},\"primaryImageOfPage\":{\"@id\":\"https:\/\/www.diyezlight.com\/en\/urun\/soprano-kare-acili-lineer-led-aydinlatma\/#primaryimage\"},\"image\":{\"@id\":\"https:\/\/www.diyezlight.com\/en\/urun\/soprano-kare-acili-lineer-led-aydinlatma\/#primaryimage\"},\"thumbnailUrl\":\"https:\/\/www.diyezlight.com\/en\/wp-content\/uploads\/2020\/11\/SOPRANO-KARE-ACILI-LINEER-LED-AYDINLATMA-1.jpg\",\"datePublished\":\"2020-11-07T16:50:18+00:00\",\"dateModified\":\"2022-12-29T12:46:09+00:00\",\"description\":\"Lineer led ayd\u0131nlatma sistemleri. Mobilya led ayd\u0131nlatma \u00fcr\u00fcnleri. Elektronik ayd\u0131nlatma sistemi. S\u0131va \u00fcst\u00fc led ayd\u0131nlatma.\",\"breadcrumb\":{\"@id\":\"https:\/\/www.diyezlight.com\/en\/urun\/soprano-kare-acili-lineer-led-aydinlatma\/#breadcrumb\"},\"inLanguage\":\"tr\",\"potentialAction\":[{\"@type\":\"ReadAction\",\"target\":[\"https:\/\/www.diyezlight.com\/en\/urun\/soprano-kare-acili-lineer-led-aydinlatma\/\"]}]},{\"@type\":\"ImageObject\",\"inLanguage\":\"tr\",\"@id\":\"https:\/\/www.diyezlight.com\/en\/urun\/soprano-kare-acili-lineer-led-aydinlatma\/#primaryimage\",\"url\":\"https:\/\/www.diyezlight.com\/en\/wp-content\/uploads\/2020\/11\/SOPRANO-KARE-ACILI-LINEER-LED-AYDINLATMA-1.jpg\",\"contentUrl\":\"https:\/\/www.diyezlight.com\/en\/wp-content\/uploads\/2020\/11\/SOPRANO-KARE-ACILI-LINEER-LED-AYDINLATMA-1.jpg\",\"width\":2480,\"height\":2480},{\"@type\":\"BreadcrumbList\",\"@id\":\"https:\/\/www.diyezlight.com\/en\/urun\/soprano-kare-acili-lineer-led-aydinlatma\/#breadcrumb\",\"itemListElement\":[{\"@type\":\"ListItem\",\"position\":1,\"name\":\"\u00dcr\u00fcnler\",\"item\":\"https:\/\/www.diyezlight.com\/en\/shop\/\"},{\"@type\":\"ListItem\",\"position\":2,\"name\":\"SOPRANO KARE A\u00c7ILI L\u0130NEER LED AYDINLATMA\"}]},{\"@type\":\"WebSite\",\"@id\":\"https:\/\/www.diyezlight.com\/en\/#website\",\"url\":\"https:\/\/www.diyezlight.com\/en\/\",\"name\":\"Diyezlight\",\"description\":\"Electronic and Lighting Systems\",\"potentialAction\":[{\"@type\":\"SearchAction\",\"target\":{\"@type\":\"EntryPoint\",\"urlTemplate\":\"https:\/\/www.diyezlight.com\/en\/?s={search_term_string}\"},\"query-input\":{\"@type\":\"PropertyValueSpecification\",\"valueRequired\":true,\"valueName\":\"search_term_string\"}}],\"inLanguage\":\"tr\"}]}<\/script>\n<!-- \/ Yoast SEO plugin. -->","yoast_head_json":{"title":"SOPRANO KARE A\u00c7ILI L\u0130NEER LED AYDINLATMA - Diyezlight","description":"Lineer led ayd\u0131nlatma sistemleri. Mobilya led ayd\u0131nlatma \u00fcr\u00fcnleri. Elektronik ayd\u0131nlatma sistemi. S\u0131va \u00fcst\u00fc led ayd\u0131nlatma.","robots":{"index":"index","follow":"follow","max-snippet":"max-snippet:-1","max-image-preview":"max-image-preview:large","max-video-preview":"max-video-preview:-1"},"canonical":"https:\/\/www.diyezlight.com\/en\/urun\/soprano-kare-acili-lineer-led-aydinlatma\/","og_locale":"tr_TR","og_type":"article","og_title":"SOPRANO KARE A\u00c7ILI L\u0130NEER LED AYDINLATMA - Diyezlight","og_description":"Lineer led ayd\u0131nlatma sistemleri. Mobilya led ayd\u0131nlatma \u00fcr\u00fcnleri. Elektronik ayd\u0131nlatma sistemi. S\u0131va \u00fcst\u00fc led ayd\u0131nlatma.","og_url":"https:\/\/www.diyezlight.com\/en\/urun\/soprano-kare-acili-lineer-led-aydinlatma\/","og_site_name":"Diyezlight","article_publisher":"https:\/\/www.facebook.com\/diyezlight","article_modified_time":"2022-12-29T12:46:09+00:00","og_image":[{"width":2480,"height":2480,"url":"https:\/\/www.diyezlight.com\/en\/wp-content\/uploads\/2020\/11\/SOPRANO-KARE-ACILI-LINEER-LED-AYDINLATMA-1.jpg","type":"image\/jpeg"}],"twitter_card":"summary_large_image","schema":{"@context":"https:\/\/schema.org","@graph":[{"@type":"WebPage","@id":"https:\/\/www.diyezlight.com\/en\/urun\/soprano-kare-acili-lineer-led-aydinlatma\/","url":"https:\/\/www.diyezlight.com\/en\/urun\/soprano-kare-acili-lineer-led-aydinlatma\/","name":"SOPRANO KARE A\u00c7ILI L\u0130NEER LED AYDINLATMA - Diyezlight","isPartOf":{"@id":"https:\/\/www.diyezlight.com\/en\/#website"},"primaryImageOfPage":{"@id":"https:\/\/www.diyezlight.com\/en\/urun\/soprano-kare-acili-lineer-led-aydinlatma\/#primaryimage"},"image":{"@id":"https:\/\/www.diyezlight.com\/en\/urun\/soprano-kare-acili-lineer-led-aydinlatma\/#primaryimage"},"thumbnailUrl":"https:\/\/www.diyezlight.com\/en\/wp-content\/uploads\/2020\/11\/SOPRANO-KARE-ACILI-LINEER-LED-AYDINLATMA-1.jpg","datePublished":"2020-11-07T16:50:18+00:00","dateModified":"2022-12-29T12:46:09+00:00","description":"Lineer led ayd\u0131nlatma sistemleri. Mobilya led ayd\u0131nlatma \u00fcr\u00fcnleri. Elektronik ayd\u0131nlatma sistemi. S\u0131va \u00fcst\u00fc led ayd\u0131nlatma.","breadcrumb":{"@id":"https:\/\/www.diyezlight.com\/en\/urun\/soprano-kare-acili-lineer-led-aydinlatma\/#breadcrumb"},"inLanguage":"tr","potentialAction":[{"@type":"ReadAction","target":["https:\/\/www.diyezlight.com\/en\/urun\/soprano-kare-acili-lineer-led-aydinlatma\/"]}]},{"@type":"ImageObject","inLanguage":"tr","@id":"https:\/\/www.diyezlight.com\/en\/urun\/soprano-kare-acili-lineer-led-aydinlatma\/#primaryimage","url":"https:\/\/www.diyezlight.com\/en\/wp-content\/uploads\/2020\/11\/SOPRANO-KARE-ACILI-LINEER-LED-AYDINLATMA-1.jpg","contentUrl":"https:\/\/www.diyezlight.com\/en\/wp-content\/uploads\/2020\/11\/SOPRANO-KARE-ACILI-LINEER-LED-AYDINLATMA-1.jpg","width":2480,"height":2480},{"@type":"BreadcrumbList","@id":"https:\/\/www.diyezlight.com\/en\/urun\/soprano-kare-acili-lineer-led-aydinlatma\/#breadcrumb","itemListElement":[{"@type":"ListItem","position":1,"name":"\u00dcr\u00fcnler","item":"https:\/\/www.diyezlight.com\/en\/shop\/"},{"@type":"ListItem","position":2,"name":"SOPRANO KARE A\u00c7ILI L\u0130NEER LED AYDINLATMA"}]},{"@type":"WebSite","@id":"https:\/\/www.diyezlight.com\/en\/#website","url":"https:\/\/www.diyezlight.com\/en\/","name":"Diyezlight","description":"Electronic and Lighting Systems","potentialAction":[{"@type":"SearchAction","target":{"@type":"EntryPoint","urlTemplate":"https:\/\/www.diyezlight.com\/en\/?s={search_term_string}"},"query-input":{"@type":"PropertyValueSpecification","valueRequired":true,"valueName":"search_term_string"}}],"inLanguage":"tr"}]}},"_links":{"self":[{"href":"https:\/\/www.diyezlight.com\/en\/wp-json\/wp\/v2\/product\/558","targetHints":{"allow":["GET"]}}],"collection":[{"href":"https:\/\/www.diyezlight.com\/en\/wp-json\/wp\/v2\/product"}],"about":[{"href":"https:\/\/www.diyezlight.com\/en\/wp-json\/wp\/v2\/types\/product"}],"replies":[{"embeddable":true,"href":"https:\/\/www.diyezlight.com\/en\/wp-json\/wp\/v2\/comments?post=558"}],"wp:featuredmedia":[{"embeddable":true,"href":"https:\/\/www.diyezlight.com\/en\/wp-json\/wp\/v2\/media\/1246"}],"wp:attachment":[{"href":"https:\/\/www.diyezlight.com\/en\/wp-json\/wp\/v2\/media?parent=558"}],"wp:term":[{"taxonomy":"product_brand","embeddable":true,"href":"https:\/\/www.diyezlight.com\/en\/wp-json\/wp\/v2\/product_brand?post=558"},{"taxonomy":"product_cat","embeddable":true,"href":"https:\/\/www.diyezlight.com\/en\/wp-json\/wp\/v2\/product_cat?post=558"},{"taxonomy":"product_tag","embeddable":true,"href":"https:\/\/www.diyezlight.com\/en\/wp-json\/wp\/v2\/product_tag?post=558"}],"curies":[{"name":"wp","href":"https:\/\/api.w.org\/{rel}","templated":true}]}}